{"id":56,"date":"2019-04-15T17:45:55","date_gmt":"2019-04-15T20:45:55","guid":{"rendered":"http:\/\/www.amaranto.uchile.cl\/?page_id=56"},"modified":"2020-08-13T12:12:08","modified_gmt":"2020-08-13T15:12:08","slug":"proyectos","status":"publish","type":"page","link":"https:\/\/www.amaranto.uchile.cl\/index.php\/proyectos\/","title":{"rendered":"Proyectos"},"content":{"rendered":"<p>[et_pb_section fb_built=\u00bb1&#8243; fullwidth=\u00bbon\u00bb _builder_version=\u00bb3.22.1&#8243;][et_pb_fullwidth_code _builder_version=\u00bb3.22.1&#8243;][rev_slider alias=\u00bbproyectos\u00bb][\/et_pb_fullwidth_code][\/et_pb_section][et_pb_section fb_built=\u00bb1&#8243; _builder_version=\u00bb3.22.1&#8243;][et_pb_row custom_padding=\u00bb||0px|||\u00bb custom_margin=\u00bb|auto|-11px|auto||\u00bb _builder_version=\u00bb3.22.1&#8243;][et_pb_column type=\u00bb4_4&#8243; _builder_version=\u00bb3.22.1&#8243;][et_pb_text _builder_version=\u00bb3.22.1&#8243;]<\/p>\n<h1 style=\"color:#AA1F22\"><strong>En ejecuci\u00f3n<\/strong><\/h1>\n<p>[\/et_pb_text][\/et_pb_column][\/et_pb_row][et_pb_row _builder_version=\u00bb3.22.1&#8243;][et_pb_column type=\u00bb2_5&#8243; _builder_version=\u00bb3.22.1&#8243;][et_pb_image src=\u00bbhttp:\/\/www.amaranto.uchile.cl\/wp-content\/uploads\/2018\/12\/Panojas-inflorescencias-rojas-1.jpg\u00bb _builder_version=\u00bb3.22.1&#8243;][\/et_pb_image][et_pb_text _builder_version=\u00bb3.22.1&#8243;]<\/p>\n<h1><strong style=\"font-size: 18px;\">Amaranto: Una alternativa productiva, nutritiva y resiliente al cambio clim\u00e1tico para la peque\u00f1a agricultura de la zona Central de Chile<\/strong><\/h1>\n<p>Financiamiento: FIA PYT-2018-0026<br \/> Periodo de ejecuci\u00f3n: 2018 -2021<\/p>\n<p>[\/et_pb_text][\/et_pb_column][et_pb_column type=\u00bb3_5&#8243; _builder_version=\u00bb3.22.1&#8243;][et_pb_text _builder_version=\u00bb3.22.1&#8243;]<\/p>\n<p>El cultivo de amaranto \u00a0se caracteriza por adaptarse muy bien a suelos de baja fertilidad, a climas secos con alta temperatura y radiaci\u00f3n y sobre todo a ambientes donde hay escasez de agua, presentando gran resiliencia a condiciones de estr\u00e9s. Bajo este contexto y dado el escenario actual de cambio clim\u00e1tico que enfrenta Chile, con serios problemas de d\u00e9ficit h\u00eddrico y excesos de temperaturas, el amaranto podr\u00eda constituirse en una soluci\u00f3n innovadora a esta coyuntura agr\u00edcola. Adem\u00e1s sus granos presentan un alto valor nutritivo y funcional, siendo una excelente fuente alimenticia que contribuye adem\u00e1s a prevenir enfermedades no trasmisibles. Si bien actualmente este cultivo no se produce comercialmente en el pa\u00eds, estudios realizados por la Facultad de Ciencias Agron\u00f3micas de la Universidad de Chile, han demostrado que tiene un gran potencial de producci\u00f3n en diversas zonas de Chile. Adem\u00e1s, est\u00e1 particularmente adaptado a una condici\u00f3n de Agricultura Familiar Campesina, privilegi\u00e1ndose con un ello a un amplio estrato social del sector agr\u00edcola de Chile.\u00a0 El objetivo de este proyecto es seleccionar variedades de amaranto, resilientes al estr\u00e9s h\u00eddrico, en funci\u00f3n de una alta eficiencia de uso del agua (EUA) para rendimiento y calidad nutricional de los granos, en la zona Central de Chile. Para ello, se evaluar\u00e1n 4 variedades provenientes de M\u00e9xico en tres diferentes zonas agroclim\u00e1ticas (entre la regi\u00f3n de Valpara\u00edso y del Maule). Para estudiar su adaptaci\u00f3n a estas zonas, se evaluar\u00e1n diferentes fechas de siembra y se determinar\u00e1 para cada variedad su EUA y su efecto sobre el rendimiento y las propiedades funcionales de los granos cosechados. Los ensayos propuestos se realizar\u00e1n en asociaci\u00f3n con peque\u00f1os productores de las distintas zonas y con dos empresas procesadoras de alimentos (Epullen Ltda. y Nitay Fuerza Nativa Eirl), que utilizar\u00e1n los granos para incorporarlos en distintos alimentos.<\/p>\n<p>&nbsp;<\/p>\n<p>[\/et_pb_text][\/et_pb_column][\/et_pb_row][et_pb_row custom_padding=\u00bb||0px|||\u00bb custom_margin=\u00bb|auto|-11px|auto||\u00bb _builder_version=\u00bb3.22.1&#8243;][et_pb_column type=\u00bb4_4&#8243; _builder_version=\u00bb3.22.1&#8243;][et_pb_text _builder_version=\u00bb3.22.1&#8243;]<\/p>\n<h1 style=\"color:#AA1F22\"><strong>Realizados<\/strong><\/h1>\n<p>[\/et_pb_text][\/et_pb_column][\/et_pb_row][et_pb_row _builder_version=\u00bb3.22.1&#8243;][et_pb_column type=\u00bb2_5&#8243; _builder_version=\u00bb3.22.1&#8243;][et_pb_image src=\u00bbhttp:\/\/www.amaranto.uchile.cl\/wp-content\/uploads\/2019\/05\/slider-2.jpg\u00bb _builder_version=\u00bb3.22.1&#8243;][\/et_pb_image][et_pb_text _builder_version=\u00bb3.22.1&#8243;]<\/p>\n<h1><strong style=\"font-size: 18px;\">Fomento\u00a0 al cultivo y consumo de amaranto: Potenciaci\u00f3n Chile &#8211; M\u00e9xico<\/strong><\/h1>\n<p>Financiamiento:AGCI<br \/> Periodo de Ejecuci\u00f3n:\u00a02015 \u2013 2018<\/p>\n<p>[\/et_pb_text][\/et_pb_column][et_pb_column type=\u00bb3_5&#8243; _builder_version=\u00bb3.22.1&#8243;][et_pb_text _builder_version=\u00bb3.22.1&#8243;]Este proyecto busc\u00f3 potenciar el cultivo de amaranto en Chile y M\u00e9xico generando valor agregado a su producci\u00f3n, industrializaci\u00f3n y consumo con el objeto de otorgar nuevas alternativas de alimento saludable a la comunidad escolar. Sus principales resultados fueron identificar variedades de amaranto de alto rendimiento en grano y aptas para ser cultivadas en la zona Central de Chile, caracteriz\u00e1ndose adem\u00e1s\u00a0 la calidad nutricional y funcional de los granos de estas variedades. Se identificaron variedades cuyas hojas presentaban buena aceptabilidad como hortaliza, la que a su vez contaban con una alta calidad nutricional y funcional. Se aislaron colorantes naturales provenientes de las panojas, ricos en betalainas, con alto potencial para la industria de alimentos. Se dise\u00f1aron prototipos de alimentos saludables elaborados a partir granos, hoja y panojas, los cuales fueron incorporados en un\u00a0 recetario de amaranto. Se generaron protocolos conjuntos entre M\u00e9xico y Chile para el an\u00e1lisis funcional de granos, hojas y panojas. Se organiz\u00f3 el primer Congreso Mundial de Amaranto, llevado a cabo en la Puebla \u2013 M\u00e9xico, el cual aun\u00f3 a m\u00e1s de 650 participantes de todo el mundo, contando con expositores de alto renombre provenientes de Estados Unidos, Kenia, Bolivia, Per\u00fa, Cuba y Jap\u00f3n.[\/et_pb_text][\/et_pb_column][\/et_pb_row][et_pb_row _builder_version=\u00bb3.22.1&#8243;][et_pb_column type=\u00bb2_5&#8243; _builder_version=\u00bb3.22.1&#8243;][et_pb_image src=\u00bbhttp:\/\/www.amaranto.uchile.cl\/wp-content\/uploads\/2020\/08\/20190205_115039.jpg\u00bb _builder_version=\u00bb3.22.1&#8243;][\/et_pb_image][et_pb_text _builder_version=\u00bb3.22.1&#8243;]<\/p>\n<h4><strong>Desarrollo de amaranto con alto contenido de fitoesteroles para su uso como alimento funcional<\/strong><\/h4>\n<p>Financiamiento: CORFO Innova\u00a0 L\u00ednea 1. C\u00f3digo 2013-25477<br \/> Periodo de ejecuci\u00f3n:\u00a0 2014<\/p>\n<p>[\/et_pb_text][\/et_pb_column][et_pb_column type=\u00bb3_5&#8243; _builder_version=\u00bb3.22.1&#8243;][et_pb_text _builder_version=\u00bb3.22.1&#8243;]A trav\u00e9s de este proyecto se llev\u00f3 a cabo un estudio de mercado \u00a0para el cultivo de amaranto en Chile, tendiente a la producci\u00f3n de altos contenidos de fitoesteroles en sus granos. Se buscaron adem\u00e1s estrategias de manejo del cultivo de amaranto que pudieran generar granos con un mayor contenido de estos compuestos. El estudio de mercado incluy\u00f3 adem\u00e1s la utilizaci\u00f3n del amaranto en la formulaci\u00f3n y fortificaci\u00f3n de alimentos saludable en los cuales se incluye el grano como \u201cla fuente nutritiva\u201d, en la que se integra, su alto contenido de fitoesteroles, perfil amino\u00e1cido de excelente calidad con altos contendidos de lisina; altos niveles de hierro y calcio, entre otros nutrientes. Este mismo estudio destac\u00f3 la potencialidad del amaranto como un cultivo r\u00fastico capaz de adaptarse a suelos de escasa futilidad y con limitantes h\u00eddricas, siendo una muy buena alternativa de negocio para la agricultura familiar campesina.<\/p>\n<p>A trav\u00e9s de este proyecto se gener\u00f3 una publicaci\u00f3n relaci0onada con las ffuentes naturales de fitoesteroles y los factores de producci\u00f3n que lo modifican. Se presentaron trabajos en el Congreso Nacional del Amaranto realizado en la Universidad Aut\u00f3noma Chapingo M\u00e9xico, lo que dio pie a la futura cooperaci\u00f3n internacional Chile-M\u00e9xico.[\/et_pb_text][\/et_pb_column][\/et_pb_row][\/et_pb_section]<\/p>\n","protected":false},"excerpt":{"rendered":"<p>[rev_slider alias=\u00bbproyectos\u00bb]En ejecuci\u00f3nAmaranto: Una alternativa productiva, nutritiva y resiliente al cambio clim\u00e1tico para la peque\u00f1a agricultura de la zona Central de Chile Financiamiento: FIA PYT-2018-0026 Periodo de ejecuci\u00f3n: 2018 -2021El cultivo de amaranto \u00a0se caracteriza por adaptarse muy bien a suelos de baja fertilidad, a climas secos con alta temperatura y radiaci\u00f3n y sobre todo [&hellip;]<\/p>\n","protected":false},"author":1,"featured_media":0,"parent":0,"menu_order":0,"comment_status":"closed","ping_status":"closed","template":"","meta":{"_et_pb_use_builder":"on","_et_pb_old_content":"","_et_gb_content_width":"","footnotes":""},"class_list":["post-56","page","type-page","status-publish","hentry"],"yoast_head":"<!-- This site is optimized with the Yoast SEO plugin v27.2 - https:\/\/yoast.com\/product\/yoast-seo-wordpress\/ -->\n<title>Proyectos - Amaranto<\/title>\n<meta name=\"robots\" content=\"index, follow, max-snippet:-1, max-image-preview:large, max-video-preview:-1\" \/>\n<link rel=\"canonical\" href=\"https:\/\/www.amaranto.uchile.cl\/index.php\/proyectos\/\" \/>\n<meta property=\"og:locale\" content=\"es_ES\" \/>\n<meta property=\"og:type\" content=\"article\" \/>\n<meta property=\"og:title\" content=\"Proyectos - Amaranto\" \/>\n<meta property=\"og:description\" content=\"[rev_slider alias=&quot;proyectos&quot;]En ejecuci\u00f3nAmaranto: Una alternativa productiva, nutritiva y resiliente al cambio clim\u00e1tico para la peque\u00f1a agricultura de la zona Central de Chile Financiamiento: FIA PYT-2018-0026 Periodo de ejecuci\u00f3n: 2018 -2021El cultivo de amaranto \u00a0se caracteriza por adaptarse muy bien a suelos de baja fertilidad, a climas secos con alta temperatura y radiaci\u00f3n y sobre todo [&hellip;]\" \/>\n<meta property=\"og:url\" content=\"https:\/\/www.amaranto.uchile.cl\/index.php\/proyectos\/\" \/>\n<meta property=\"og:site_name\" content=\"Amaranto\" \/>\n<meta property=\"article:modified_time\" content=\"2020-08-13T15:12:08+00:00\" \/>\n<meta name=\"twitter:card\" content=\"summary_large_image\" \/>\n<meta name=\"twitter:label1\" content=\"Tiempo de lectura\" \/>\n\t<meta name=\"twitter:data1\" content=\"6 minutos\" \/>\n<script type=\"application\/ld+json\" class=\"yoast-schema-graph\">{\"@context\":\"https:\/\/schema.org\",\"@graph\":[{\"@type\":\"WebPage\",\"@id\":\"https:\/\/www.amaranto.uchile.cl\/index.php\/proyectos\/\",\"url\":\"https:\/\/www.amaranto.uchile.cl\/index.php\/proyectos\/\",\"name\":\"Proyectos - Amaranto\",\"isPartOf\":{\"@id\":\"https:\/\/www.amaranto.uchile.cl\/#website\"},\"datePublished\":\"2019-04-15T20:45:55+00:00\",\"dateModified\":\"2020-08-13T15:12:08+00:00\",\"breadcrumb\":{\"@id\":\"https:\/\/www.amaranto.uchile.cl\/index.php\/proyectos\/#breadcrumb\"},\"inLanguage\":\"es\",\"potentialAction\":[{\"@type\":\"ReadAction\",\"target\":[\"https:\/\/www.amaranto.uchile.cl\/index.php\/proyectos\/\"]}]},{\"@type\":\"BreadcrumbList\",\"@id\":\"https:\/\/www.amaranto.uchile.cl\/index.php\/proyectos\/#breadcrumb\",\"itemListElement\":[{\"@type\":\"ListItem\",\"position\":1,\"name\":\"Home\",\"item\":\"https:\/\/www.amaranto.uchile.cl\/\"},{\"@type\":\"ListItem\",\"position\":2,\"name\":\"Proyectos\"}]},{\"@type\":\"WebSite\",\"@id\":\"https:\/\/www.amaranto.uchile.cl\/#website\",\"url\":\"https:\/\/www.amaranto.uchile.cl\/\",\"name\":\"Amaranto\",\"description\":\"\",\"potentialAction\":[{\"@type\":\"SearchAction\",\"target\":{\"@type\":\"EntryPoint\",\"urlTemplate\":\"https:\/\/www.amaranto.uchile.cl\/?s={search_term_string}\"},\"query-input\":{\"@type\":\"PropertyValueSpecification\",\"valueRequired\":true,\"valueName\":\"search_term_string\"}}],\"inLanguage\":\"es\"}]}<\/script>\n<!-- \/ Yoast SEO plugin. -->","yoast_head_json":{"title":"Proyectos - Amaranto","robots":{"index":"index","follow":"follow","max-snippet":"max-snippet:-1","max-image-preview":"max-image-preview:large","max-video-preview":"max-video-preview:-1"},"canonical":"https:\/\/www.amaranto.uchile.cl\/index.php\/proyectos\/","og_locale":"es_ES","og_type":"article","og_title":"Proyectos - Amaranto","og_description":"[rev_slider alias=\"proyectos\"]En ejecuci\u00f3nAmaranto: Una alternativa productiva, nutritiva y resiliente al cambio clim\u00e1tico para la peque\u00f1a agricultura de la zona Central de Chile Financiamiento: FIA PYT-2018-0026 Periodo de ejecuci\u00f3n: 2018 -2021El cultivo de amaranto \u00a0se caracteriza por adaptarse muy bien a suelos de baja fertilidad, a climas secos con alta temperatura y radiaci\u00f3n y sobre todo [&hellip;]","og_url":"https:\/\/www.amaranto.uchile.cl\/index.php\/proyectos\/","og_site_name":"Amaranto","article_modified_time":"2020-08-13T15:12:08+00:00","twitter_card":"summary_large_image","twitter_misc":{"Tiempo de lectura":"6 minutos"},"schema":{"@context":"https:\/\/schema.org","@graph":[{"@type":"WebPage","@id":"https:\/\/www.amaranto.uchile.cl\/index.php\/proyectos\/","url":"https:\/\/www.amaranto.uchile.cl\/index.php\/proyectos\/","name":"Proyectos - Amaranto","isPartOf":{"@id":"https:\/\/www.amaranto.uchile.cl\/#website"},"datePublished":"2019-04-15T20:45:55+00:00","dateModified":"2020-08-13T15:12:08+00:00","breadcrumb":{"@id":"https:\/\/www.amaranto.uchile.cl\/index.php\/proyectos\/#breadcrumb"},"inLanguage":"es","potentialAction":[{"@type":"ReadAction","target":["https:\/\/www.amaranto.uchile.cl\/index.php\/proyectos\/"]}]},{"@type":"BreadcrumbList","@id":"https:\/\/www.amaranto.uchile.cl\/index.php\/proyectos\/#breadcrumb","itemListElement":[{"@type":"ListItem","position":1,"name":"Home","item":"https:\/\/www.amaranto.uchile.cl\/"},{"@type":"ListItem","position":2,"name":"Proyectos"}]},{"@type":"WebSite","@id":"https:\/\/www.amaranto.uchile.cl\/#website","url":"https:\/\/www.amaranto.uchile.cl\/","name":"Amaranto","description":"","potentialAction":[{"@type":"SearchAction","target":{"@type":"EntryPoint","urlTemplate":"https:\/\/www.amaranto.uchile.cl\/?s={search_term_string}"},"query-input":{"@type":"PropertyValueSpecification","valueRequired":true,"valueName":"search_term_string"}}],"inLanguage":"es"}]}},"_links":{"self":[{"href":"https:\/\/www.amaranto.uchile.cl\/index.php\/wp-json\/wp\/v2\/pages\/56","targetHints":{"allow":["GET"]}}],"collection":[{"href":"https:\/\/www.amaranto.uchile.cl\/index.php\/wp-json\/wp\/v2\/pages"}],"about":[{"href":"https:\/\/www.amaranto.uchile.cl\/index.php\/wp-json\/wp\/v2\/types\/page"}],"author":[{"embeddable":true,"href":"https:\/\/www.amaranto.uchile.cl\/index.php\/wp-json\/wp\/v2\/users\/1"}],"replies":[{"embeddable":true,"href":"https:\/\/www.amaranto.uchile.cl\/index.php\/wp-json\/wp\/v2\/comments?post=56"}],"version-history":[{"count":7,"href":"https:\/\/www.amaranto.uchile.cl\/index.php\/wp-json\/wp\/v2\/pages\/56\/revisions"}],"predecessor-version":[{"id":181,"href":"https:\/\/www.amaranto.uchile.cl\/index.php\/wp-json\/wp\/v2\/pages\/56\/revisions\/181"}],"wp:attachment":[{"href":"https:\/\/www.amaranto.uchile.cl\/index.php\/wp-json\/wp\/v2\/media?parent=56"}],"curies":[{"name":"wp","href":"https:\/\/api.w.org\/{rel}","templated":true}]}}