{"id":62,"date":"2019-04-15T17:50:44","date_gmt":"2019-04-15T20:50:44","guid":{"rendered":"http:\/\/www.amaranto.uchile.cl\/?page_id=62"},"modified":"2020-08-13T12:52:04","modified_gmt":"2020-08-13T15:52:04","slug":"noticias","status":"publish","type":"page","link":"https:\/\/www.amaranto.uchile.cl\/index.php\/noticias\/","title":{"rendered":"Noticias"},"content":{"rendered":"<p>[et_pb_section fb_built=\u00bb1&#8243; fullwidth=\u00bbon\u00bb _builder_version=\u00bb3.22.1&#8243;][et_pb_fullwidth_code _builder_version=\u00bb3.22.1&#8243;][rev_slider alias=\u00bbnoticias\u00bb][\/et_pb_fullwidth_code][\/et_pb_section][et_pb_section fb_built=\u00bb1&#8243; _builder_version=\u00bb3.22.1&#8243;][et_pb_row _builder_version=\u00bb3.25&#8243; column_structure=\u00bb1_3,1_3,1_3&#8243;][et_pb_column type=\u00bb1_3&#8243; _builder_version=\u00bb3.25&#8243; custom_padding=\u00bb|||\u00bb custom_padding__hover=\u00bb|||\u00bb][et_pb_image src=\u00bbhttp:\/\/www.amaranto.uchile.cl\/wp-content\/uploads\/2020\/08\/03-WIKI-Icon-Artikel-bewerten@2x.png\u00bb align_tablet=\u00bbcenter\u00bb align_last_edited=\u00bbon|desktop\u00bb _builder_version=\u00bb3.23&#8243; width=\u00bb50%\u00bb module_alignment=\u00bbcenter\u00bb][\/et_pb_image][et_pb_text _builder_version=\u00bb3.27.4&#8243; text_font=\u00bb||||||||\u00bb text_orientation=\u00bbcenter\u00bb]<\/p>\n<p>Organizaci\u00f3n y Participaci\u00f3n en el Primer Congreso Mundial del Amaranto. 10 al 12 de Octubre de 2018, Cholula Puebla, M\u00e9xico.<\/p>\n<p>[\/et_pb_text][\/et_pb_column][et_pb_column type=\u00bb1_3&#8243; _builder_version=\u00bb3.25&#8243; custom_padding=\u00bb|||\u00bb custom_padding__hover=\u00bb|||\u00bb][et_pb_image src=\u00bbhttp:\/\/www.amaranto.uchile.cl\/wp-content\/uploads\/2020\/08\/03-WIKI-Icon-Artikel-bewerten@2x.png\u00bb align_tablet=\u00bbcenter\u00bb align_last_edited=\u00bbon|desktop\u00bb _builder_version=\u00bb3.23&#8243; width=\u00bb50%\u00bb module_alignment=\u00bbcenter\u00bb][\/et_pb_image][et_pb_text _builder_version=\u00bb3.27.4&#8243; text_font=\u00bb||||||||\u00bb text_orientation=\u00bbcenter\u00bb]<\/p>\n<p>El cultivo del amaranto en Chile y sus posibilidades de mejorar la alimentaci\u00f3n de los escolares. Febrero, 2018.\u00a0<\/p>\n<p>[\/et_pb_text][et_pb_button button_url=\u00bbhttp:\/\/www.uchile.cl\/noticias\/141242\/el-cultivo-del-amaranto-en-chile-y-sus-posibilidades\u00bb button_text=\u00bbLeer m\u00e1s\u00bb button_alignment=\u00bbcenter\u00bb _builder_version=\u00bb3.22.1&#8243; custom_button=\u00bbon\u00bb button_text_size=\u00bb18px\u00bb button_text_color=\u00bb#aa1f22&#8243; button_font=\u00bb||||||||\u00bb button_use_icon=\u00bboff\u00bb][\/et_pb_button][\/et_pb_column][et_pb_column type=\u00bb1_3&#8243; _builder_version=\u00bb3.25&#8243; custom_padding=\u00bb|||\u00bb custom_padding__hover=\u00bb|||\u00bb][et_pb_image src=\u00bbhttp:\/\/www.amaranto.uchile.cl\/wp-content\/uploads\/2020\/08\/03-WIKI-Icon-Artikel-bewerten@2x.png\u00bb align_tablet=\u00bbcenter\u00bb align_last_edited=\u00bbon|desktop\u00bb _builder_version=\u00bb3.23&#8243; width=\u00bb50%\u00bb module_alignment=\u00bbcenter\u00bb][\/et_pb_image][et_pb_text _builder_version=\u00bb3.27.4&#8243; text_font=\u00bb||||||||\u00bb text_orientation=\u00bbcenter\u00bb]<\/p>\n<p>Expertos mexicanos confirman viabilidad de cultivar amaranto en Chile. Enero 2017.\u00a0<\/p>\n<p>[\/et_pb_text][et_pb_button button_url=\u00bbhttp:\/\/www.uchile.cl\/noticias\/130871\/expertos-mexicanos-confirman-viabilidad-de-cultivar-amaranto-en-chile\u00bb button_text=\u00bbLeer m\u00e1s\u00bb button_alignment=\u00bbcenter\u00bb _builder_version=\u00bb3.22.1&#8243; custom_button=\u00bbon\u00bb button_text_size=\u00bb18px\u00bb button_text_color=\u00bb#aa1f22&#8243; button_font=\u00bb||||||||\u00bb button_use_icon=\u00bboff\u00bb][\/et_pb_button][\/et_pb_column][\/et_pb_row][et_pb_row _builder_version=\u00bb3.25&#8243; column_structure=\u00bb1_3,1_3,1_3&#8243;][et_pb_column type=\u00bb1_3&#8243; _builder_version=\u00bb3.25&#8243; custom_padding=\u00bb|||\u00bb custom_padding__hover=\u00bb|||\u00bb][et_pb_image src=\u00bbhttp:\/\/www.amaranto.uchile.cl\/wp-content\/uploads\/2020\/08\/03-WIKI-Icon-Artikel-bewerten@2x.png\u00bb align_tablet=\u00bbcenter\u00bb align_last_edited=\u00bbon|desktop\u00bb _builder_version=\u00bb3.23&#8243; width=\u00bb50%\u00bb module_alignment=\u00bbcenter\u00bb][\/et_pb_image][et_pb_text _builder_version=\u00bb3.27.4&#8243; text_font=\u00bb||||||||\u00bb text_orientation=\u00bbcenter\u00bb]<\/p>\n<p>Participaci\u00f3n en el Congreso Nacional del Amaranto. Pasado, presente y futuro. Universidad Aut\u00f3noma Chapingo, 28 al 30 de Agosto de 2014, Chapingo, M\u00e9xico.<\/p>\n<p>&nbsp;<\/p>\n<p>[\/et_pb_text][\/et_pb_column][et_pb_column type=\u00bb1_3&#8243; _builder_version=\u00bb3.25&#8243; custom_padding=\u00bb|||\u00bb custom_padding__hover=\u00bb|||\u00bb][et_pb_image src=\u00bbhttp:\/\/www.amaranto.uchile.cl\/wp-content\/uploads\/2020\/08\/03-WIKI-Icon-Artikel-bewerten@2x.png\u00bb align_tablet=\u00bbcenter\u00bb align_last_edited=\u00bbon|desktop\u00bb _builder_version=\u00bb3.23&#8243; width=\u00bb50%\u00bb module_alignment=\u00bbcenter\u00bb][\/et_pb_image][et_pb_text _builder_version=\u00bb3.27.4&#8243; text_font=\u00bb||||||||\u00bb text_orientation=\u00bbcenter\u00bb]<\/p>\n<p><span>Amaranto, la recuperaci\u00f3n de un grano ancestral. Abril, 2018.\u00a0<\/span><\/p>\n<p>[\/et_pb_text][et_pb_button button_url=\u00bbhttp:\/\/www.elmercurio.com\/Campo\/Noticias\/Noticias\/2018\/04\/23\/Amaranto-la-recuperacion-de-un-grano-ancestral.aspx?disp=1&#8243; button_text=\u00bbLeer m\u00e1s\u00bb button_alignment=\u00bbcenter\u00bb _builder_version=\u00bb3.22.1&#8243; custom_button=\u00bbon\u00bb button_text_size=\u00bb18px\u00bb button_text_color=\u00bb#aa1f22&#8243; button_font=\u00bb||||||||\u00bb button_use_icon=\u00bboff\u00bb][\/et_pb_button][\/et_pb_column][et_pb_column type=\u00bb1_3&#8243; _builder_version=\u00bb3.25&#8243; custom_padding=\u00bb|||\u00bb custom_padding__hover=\u00bb|||\u00bb][et_pb_image src=\u00bbhttp:\/\/www.amaranto.uchile.cl\/wp-content\/uploads\/2020\/08\/03-WIKI-Icon-Artikel-bewerten@2x.png\u00bb align_tablet=\u00bbcenter\u00bb align_last_edited=\u00bbon|desktop\u00bb _builder_version=\u00bb3.23&#8243; width=\u00bb50%\u00bb module_alignment=\u00bbcenter\u00bb][\/et_pb_image][et_pb_text _builder_version=\u00bb3.27.4&#8243; text_font=\u00bb||||||||\u00bb text_orientation=\u00bbcenter\u00bb]<\/p>\n<p>Realizaron charla sobre alimento del Futuro: El Amaranto. Septiembre, 2018. CFT Regi\u00f3n de Arica.<\/p>\n<p>[\/et_pb_text][et_pb_button button_url=\u00bbhttps:\/\/www.cftuta.com\/single-post\/2018\/09\/10\/Realizaron-charla-sobre-alimento-del-Futuro-El-Amaranto\u00bb button_text=\u00bbLeer m\u00e1s\u00bb button_alignment=\u00bbcenter\u00bb _builder_version=\u00bb3.22.1&#8243; custom_button=\u00bbon\u00bb button_text_size=\u00bb18px\u00bb button_text_color=\u00bb#aa1f22&#8243; button_font=\u00bb||||||||\u00bb button_use_icon=\u00bboff\u00bb][\/et_pb_button][\/et_pb_column][\/et_pb_row][et_pb_row _builder_version=\u00bb4.5.6&#8243; _module_preset=\u00bbdefault\u00bb column_structure=\u00bb1_3,1_3,1_3&#8243;][et_pb_column _builder_version=\u00bb4.5.6&#8243; _module_preset=\u00bbdefault\u00bb type=\u00bb1_3&#8243;][et_pb_image src=\u00bbhttp:\/\/www.amaranto.uchile.cl\/wp-content\/uploads\/2020\/08\/webinar.jpeg\u00bb _builder_version=\u00bb4.5.6&#8243; _module_preset=\u00bbdefault\u00bb title_text=\u00bbwebinar\u00bb hover_enabled=\u00bb0&#8243;][\/et_pb_image][et_pb_text _builder_version=\u00bb4.5.6&#8243; _module_preset=\u00bbdefault\u00bb hover_enabled=\u00bb0&#8243; text_orientation=\u00bbcenter\u00bb]<\/p>\n<p>Webinar Amaranto una alternativa productiva, nutritiva y resiliente al cambio clim\u00e1tico<\/p>\n<p>[\/et_pb_text][\/et_pb_column][et_pb_column _builder_version=\u00bb4.5.6&#8243; _module_preset=\u00bbdefault\u00bb type=\u00bb1_3&#8243;][\/et_pb_column][et_pb_column _builder_version=\u00bb4.5.6&#8243; _module_preset=\u00bbdefault\u00bb type=\u00bb1_3&#8243;][\/et_pb_column][\/et_pb_row][\/et_pb_section]<\/p>\n","protected":false},"excerpt":{"rendered":"<p>[rev_slider alias=\u00bbnoticias\u00bb]Organizaci\u00f3n y Participaci\u00f3n en el Primer Congreso Mundial del Amaranto. 10 al 12 de Octubre de 2018, Cholula Puebla, M\u00e9xico.El cultivo del amaranto en Chile y sus posibilidades de mejorar la alimentaci\u00f3n de los escolares. Febrero, 2018.\u00a0Expertos mexicanos confirman viabilidad de cultivar amaranto en Chile. Enero 2017.\u00a0Participaci\u00f3n en el Congreso Nacional del Amaranto. Pasado, [&hellip;]<\/p>\n","protected":false},"author":1,"featured_media":0,"parent":0,"menu_order":0,"comment_status":"closed","ping_status":"closed","template":"","meta":{"_et_pb_use_builder":"on","_et_pb_old_content":"","_et_gb_content_width":"","footnotes":""},"class_list":["post-62","page","type-page","status-publish","hentry"],"yoast_head":"<!-- This site is optimized with the Yoast SEO plugin v27.2 - https:\/\/yoast.com\/product\/yoast-seo-wordpress\/ -->\n<title>Noticias - Amaranto<\/title>\n<meta name=\"robots\" content=\"index, follow, max-snippet:-1, max-image-preview:large, max-video-preview:-1\" \/>\n<link rel=\"canonical\" href=\"https:\/\/www.amaranto.uchile.cl\/index.php\/noticias\/\" \/>\n<meta property=\"og:locale\" content=\"es_ES\" \/>\n<meta property=\"og:type\" content=\"article\" \/>\n<meta property=\"og:title\" content=\"Noticias - Amaranto\" \/>\n<meta property=\"og:description\" content=\"[rev_slider alias=&quot;noticias&quot;]Organizaci\u00f3n y Participaci\u00f3n en el Primer Congreso Mundial del Amaranto. 10 al 12 de Octubre de 2018, Cholula Puebla, M\u00e9xico.El cultivo del amaranto en Chile y sus posibilidades de mejorar la alimentaci\u00f3n de los escolares. Febrero, 2018.\u00a0Expertos mexicanos confirman viabilidad de cultivar amaranto en Chile. Enero 2017.\u00a0Participaci\u00f3n en el Congreso Nacional del Amaranto. Pasado, [&hellip;]\" \/>\n<meta property=\"og:url\" content=\"https:\/\/www.amaranto.uchile.cl\/index.php\/noticias\/\" \/>\n<meta property=\"og:site_name\" content=\"Amaranto\" \/>\n<meta property=\"article:modified_time\" content=\"2020-08-13T15:52:04+00:00\" \/>\n<meta name=\"twitter:card\" content=\"summary_large_image\" \/>\n<meta name=\"twitter:label1\" content=\"Tiempo de lectura\" \/>\n\t<meta name=\"twitter:data1\" content=\"4 minutos\" \/>\n<script type=\"application\/ld+json\" class=\"yoast-schema-graph\">{\"@context\":\"https:\/\/schema.org\",\"@graph\":[{\"@type\":\"WebPage\",\"@id\":\"https:\/\/www.amaranto.uchile.cl\/index.php\/noticias\/\",\"url\":\"https:\/\/www.amaranto.uchile.cl\/index.php\/noticias\/\",\"name\":\"Noticias - Amaranto\",\"isPartOf\":{\"@id\":\"https:\/\/www.amaranto.uchile.cl\/#website\"},\"datePublished\":\"2019-04-15T20:50:44+00:00\",\"dateModified\":\"2020-08-13T15:52:04+00:00\",\"breadcrumb\":{\"@id\":\"https:\/\/www.amaranto.uchile.cl\/index.php\/noticias\/#breadcrumb\"},\"inLanguage\":\"es\",\"potentialAction\":[{\"@type\":\"ReadAction\",\"target\":[\"https:\/\/www.amaranto.uchile.cl\/index.php\/noticias\/\"]}]},{\"@type\":\"BreadcrumbList\",\"@id\":\"https:\/\/www.amaranto.uchile.cl\/index.php\/noticias\/#breadcrumb\",\"itemListElement\":[{\"@type\":\"ListItem\",\"position\":1,\"name\":\"Home\",\"item\":\"https:\/\/www.amaranto.uchile.cl\/\"},{\"@type\":\"ListItem\",\"position\":2,\"name\":\"Noticias\"}]},{\"@type\":\"WebSite\",\"@id\":\"https:\/\/www.amaranto.uchile.cl\/#website\",\"url\":\"https:\/\/www.amaranto.uchile.cl\/\",\"name\":\"Amaranto\",\"description\":\"\",\"potentialAction\":[{\"@type\":\"SearchAction\",\"target\":{\"@type\":\"EntryPoint\",\"urlTemplate\":\"https:\/\/www.amaranto.uchile.cl\/?s={search_term_string}\"},\"query-input\":{\"@type\":\"PropertyValueSpecification\",\"valueRequired\":true,\"valueName\":\"search_term_string\"}}],\"inLanguage\":\"es\"}]}<\/script>\n<!-- \/ Yoast SEO plugin. -->","yoast_head_json":{"title":"Noticias - Amaranto","robots":{"index":"index","follow":"follow","max-snippet":"max-snippet:-1","max-image-preview":"max-image-preview:large","max-video-preview":"max-video-preview:-1"},"canonical":"https:\/\/www.amaranto.uchile.cl\/index.php\/noticias\/","og_locale":"es_ES","og_type":"article","og_title":"Noticias - Amaranto","og_description":"[rev_slider alias=\"noticias\"]Organizaci\u00f3n y Participaci\u00f3n en el Primer Congreso Mundial del Amaranto. 10 al 12 de Octubre de 2018, Cholula Puebla, M\u00e9xico.El cultivo del amaranto en Chile y sus posibilidades de mejorar la alimentaci\u00f3n de los escolares. Febrero, 2018.\u00a0Expertos mexicanos confirman viabilidad de cultivar amaranto en Chile. Enero 2017.\u00a0Participaci\u00f3n en el Congreso Nacional del Amaranto. Pasado, [&hellip;]","og_url":"https:\/\/www.amaranto.uchile.cl\/index.php\/noticias\/","og_site_name":"Amaranto","article_modified_time":"2020-08-13T15:52:04+00:00","twitter_card":"summary_large_image","twitter_misc":{"Tiempo de lectura":"4 minutos"},"schema":{"@context":"https:\/\/schema.org","@graph":[{"@type":"WebPage","@id":"https:\/\/www.amaranto.uchile.cl\/index.php\/noticias\/","url":"https:\/\/www.amaranto.uchile.cl\/index.php\/noticias\/","name":"Noticias - Amaranto","isPartOf":{"@id":"https:\/\/www.amaranto.uchile.cl\/#website"},"datePublished":"2019-04-15T20:50:44+00:00","dateModified":"2020-08-13T15:52:04+00:00","breadcrumb":{"@id":"https:\/\/www.amaranto.uchile.cl\/index.php\/noticias\/#breadcrumb"},"inLanguage":"es","potentialAction":[{"@type":"ReadAction","target":["https:\/\/www.amaranto.uchile.cl\/index.php\/noticias\/"]}]},{"@type":"BreadcrumbList","@id":"https:\/\/www.amaranto.uchile.cl\/index.php\/noticias\/#breadcrumb","itemListElement":[{"@type":"ListItem","position":1,"name":"Home","item":"https:\/\/www.amaranto.uchile.cl\/"},{"@type":"ListItem","position":2,"name":"Noticias"}]},{"@type":"WebSite","@id":"https:\/\/www.amaranto.uchile.cl\/#website","url":"https:\/\/www.amaranto.uchile.cl\/","name":"Amaranto","description":"","potentialAction":[{"@type":"SearchAction","target":{"@type":"EntryPoint","urlTemplate":"https:\/\/www.amaranto.uchile.cl\/?s={search_term_string}"},"query-input":{"@type":"PropertyValueSpecification","valueRequired":true,"valueName":"search_term_string"}}],"inLanguage":"es"}]}},"_links":{"self":[{"href":"https:\/\/www.amaranto.uchile.cl\/index.php\/wp-json\/wp\/v2\/pages\/62","targetHints":{"allow":["GET"]}}],"collection":[{"href":"https:\/\/www.amaranto.uchile.cl\/index.php\/wp-json\/wp\/v2\/pages"}],"about":[{"href":"https:\/\/www.amaranto.uchile.cl\/index.php\/wp-json\/wp\/v2\/types\/page"}],"author":[{"embeddable":true,"href":"https:\/\/www.amaranto.uchile.cl\/index.php\/wp-json\/wp\/v2\/users\/1"}],"replies":[{"embeddable":true,"href":"https:\/\/www.amaranto.uchile.cl\/index.php\/wp-json\/wp\/v2\/comments?post=62"}],"version-history":[{"count":8,"href":"https:\/\/www.amaranto.uchile.cl\/index.php\/wp-json\/wp\/v2\/pages\/62\/revisions"}],"predecessor-version":[{"id":198,"href":"https:\/\/www.amaranto.uchile.cl\/index.php\/wp-json\/wp\/v2\/pages\/62\/revisions\/198"}],"wp:attachment":[{"href":"https:\/\/www.amaranto.uchile.cl\/index.php\/wp-json\/wp\/v2\/media?parent=62"}],"curies":[{"name":"wp","href":"https:\/\/api.w.org\/{rel}","templated":true}]}}