{"id":67,"date":"2019-04-15T17:52:17","date_gmt":"2019-04-15T20:52:17","guid":{"rendered":"http:\/\/www.amaranto.uchile.cl\/?page_id=67"},"modified":"2020-08-13T12:05:31","modified_gmt":"2020-08-13T15:05:31","slug":"publicaciones","status":"publish","type":"page","link":"https:\/\/www.amaranto.uchile.cl\/index.php\/publicaciones\/","title":{"rendered":"Publicaciones"},"content":{"rendered":"<p>[et_pb_section fb_built=\u00bb1&#8243; fullwidth=\u00bbon\u00bb _builder_version=\u00bb3.22.1&#8243;][et_pb_fullwidth_code _builder_version=\u00bb3.22.1&#8243;][rev_slider alias=\u00bbpublicaciones\u00bb][\/et_pb_fullwidth_code][\/et_pb_section][et_pb_section fb_built=\u00bb1&#8243; _builder_version=\u00bb3.22.1&#8243;][et_pb_row custom_padding=\u00bb||0px|||\u00bb _builder_version=\u00bb3.22.1&#8243;][et_pb_column type=\u00bb4_4&#8243; _builder_version=\u00bb3.22.1&#8243;][et_pb_text _builder_version=\u00bb3.22.1&#8243;]<\/p>\n<h1><strong>De Extensi\u00f3n<\/strong><\/h1>\n<p>[\/et_pb_text][\/et_pb_column][\/et_pb_row][et_pb_row _builder_version=\u00bb3.22.1&#8243;][et_pb_column type=\u00bb1_4&#8243; _builder_version=\u00bb3.22.1&#8243;][et_pb_image src=\u00bbhttp:\/\/www.amaranto.uchile.cl\/wp-content\/uploads\/2019\/05\/amaranto.png\u00bb url=\u00bbhttps:\/\/old.navdigital.cl\/wp-content\/uploads\/2020\/08\/Todo-lo-que-debes-saber-para-producir-amaranto-en-chile.pdf\u00bb use_overlay=\u00bbon\u00bb _builder_version=\u00bb3.22.1&#8243; hover_icon=\u00bb%%233%%\u00bb][\/et_pb_image][et_pb_text _builder_version=\u00bb3.22.1&#8243;]<\/p>\n<p>Cecilia Baginsky y Paola Silva. 2019. <strong>Todo lo que debes saber para producir Amaranto en Chile.<\/strong> Facultad de Ciencias Agron\u00f3micas, Universidad de Chile. 10p.<\/p>\n<p>[\/et_pb_text][\/et_pb_column][et_pb_column type=\u00bb1_4&#8243; _builder_version=\u00bb3.22.1&#8243;][et_pb_image src=\u00bbhttp:\/\/www.amaranto.uchile.cl\/wp-content\/uploads\/2020\/08\/Recetas-con-Amaranto-Fondo-ChileMexicoAGCID_P\u00e1gina_01.jpg\u00bb url=\u00bbhttps:\/\/old.navdigital.cl\/wp-content\/uploads\/2020\/08\/Recetas-con-Amaranto-Fondo-ChileMexicoAGCID.pdf\u00bb use_overlay=\u00bbon\u00bb _builder_version=\u00bb3.22.1&#8243; hover_icon=\u00bb%%233%%\u00bb][\/et_pb_image][et_pb_text _builder_version=\u00bb3.22.1&#8243;]<\/p>\n<p><strong>Recetas con Amaranto.<\/strong> Disfruta del amaranto en tu plato (2018). Facultades de Ciencias Agron\u00f3micas, Medicina e Instituto de Nutrici\u00f3n y Tecnolog\u00eda de los Alimentos de la Universidad de Chile. 38p.<\/p>\n<p>[\/et_pb_text][\/et_pb_column][et_pb_column type=\u00bb1_4&#8243; _builder_version=\u00bb3.22.1&#8243;][et_pb_image src=\u00bbhttp:\/\/www.amaranto.uchile.cl\/wp-content\/uploads\/2020\/08\/La-alimentacion-latinoamericana_P\u00e1gina_01.jpg\u00bb url=\u00bbhttps:\/\/old.navdigital.cl\/wp-content\/uploads\/2020\/08\/La-alimentacion-latinoamericana.pdf\u00bb use_overlay=\u00bbon\u00bb _builder_version=\u00bb3.22.1&#8243; hover_icon=\u00bb%%233%%\u00bb][\/et_pb_image][et_pb_text _builder_version=\u00bb3.22.1&#8243;]<\/p>\n<p>C\u00e1ceres, D., Mor\u00e1n, H., Robles, M., Baginsky, C., S\u00e1enz, C. <strong>Amaranto: Un cultivo potencial como fuente de compuestos bioactivos en la industria de alimentos.<\/strong> Revista Alimentaci\u00f3n Latinoamericana. N\u00ba 333. 66-71<\/p>\n<p>[\/et_pb_text][\/et_pb_column][et_pb_column type=\u00bb1_4&#8243; _builder_version=\u00bb3.22.1&#8243;][et_pb_image src=\u00bbhttp:\/\/www.amaranto.uchile.cl\/wp-content\/uploads\/2019\/05\/amaranto2.png\u00bb url=\u00bbhttp:\/\/elpulso.med.uchile.cl\/20141014\/index.html\u00bb use_overlay=\u00bbon\u00bb _builder_version=\u00bb3.22.1&#8243; hover_icon=\u00bb%%233%%\u00bb][\/et_pb_image][et_pb_text _builder_version=\u00bb3.22.1&#8243;]<\/p>\n<p>Baginsky, C., Pinheiro, A.C., Rodr\u00edguez, L. 2014. <strong>Amaranto: investigar\u00e1n factibilidad de producci\u00f3n agr\u00edcola nacional y su inclusi\u00f3n en la dieta chilena como ingrediente y alimento<\/strong>. Revista El Pulso. Facultad de Medicina. N\u00ba: 316.\u00a0<\/p>\n<p>[\/et_pb_text][\/et_pb_column][\/et_pb_row][et_pb_row custom_padding=\u00bb||0px|||\u00bb _builder_version=\u00bb3.22.1&#8243;][et_pb_column type=\u00bb4_4&#8243; _builder_version=\u00bb3.22.1&#8243;][et_pb_text _builder_version=\u00bb3.22.1&#8243;]<\/p>\n<h1><strong>Cient\u00edficas<\/strong><\/h1>\n<p>[\/et_pb_text][\/et_pb_column][\/et_pb_row][et_pb_row _builder_version=\u00bb3.22.1&#8243;][et_pb_column type=\u00bb1_3&#8243; _builder_version=\u00bb3.22.1&#8243;][et_pb_image src=\u00bbhttp:\/\/www.amaranto.uchile.cl\/wp-content\/uploads\/2019\/05\/fuentes.png\u00bb url=\u00bbhttp:\/\/www.amaranto.uchile.cl\/wp-content\/uploads\/2019\/05\/2016-Fuentes-naturalesdefitosterolesSilvaetal2016.pdf\u00bb use_overlay=\u00bbon\u00bb _builder_version=\u00bb3.22.1&#8243; hover_icon=\u00bb%%233%%\u00bb][\/et_pb_image][et_pb_text _builder_version=\u00bb3.22.1&#8243;]<\/p>\n<p>Silva, P., Pinheiro, A., Rodr\u00edguez, L., Figueroa, V. y Baginsky, C. 2016. Fuentes naturales de fitoesteroles y factores de producci\u00f3n que lo modifican. Archivos Latinoamericanos de Nutrici\u00f3n 66(1): 17-25.<\/p>\n<p>[\/et_pb_text][\/et_pb_column][et_pb_column type=\u00bb1_3&#8243; _builder_version=\u00bb3.22.1&#8243;][et_pb_image src=\u00bbhttp:\/\/www.amaranto.uchile.cl\/wp-content\/uploads\/2019\/05\/libro.png\u00bb url=\u00bbhttps:\/\/docplayer.es\/35614759-Mesa-1-importancia-del-amaranto-en-mexico.html\u00bb use_overlay=\u00bbon\u00bb _builder_version=\u00bb3.22.1&#8243; hover_icon=\u00bb%%233%%\u00bb][\/et_pb_image][et_pb_text _builder_version=\u00bb3.22.1&#8243;]<\/p>\n<p>A., Baginsky, C., Rodr\u00edguez, L., \u00a0Silva, P., \u00a0Mu\u00f1oz, C., \u00a0Figueroa, V., \u00a0Gonz\u00e1lez,\u00a0 A. 2014. Desaf\u00edos en la promoci\u00f3n del amaranto como alimento funcional: el caso chileno. Res\u00famenes in extenso, Congreso Nacional del Amaranto 2014. Pasado, Presente y Futuro.\u00a0<\/p>\n<p>[\/et_pb_text][\/et_pb_column][et_pb_column type=\u00bb1_3&#8243; _builder_version=\u00bb3.22.1&#8243;][et_pb_image src=\u00bbhttp:\/\/www.amaranto.uchile.cl\/wp-content\/uploads\/2019\/05\/libro2.png\u00bb url=\u00bbhttps:\/\/docplayer.es\/35614759-Mesa-1-importancia-del-amaranto-en-mexico.html\u00bb use_overlay=\u00bbon\u00bb _builder_version=\u00bb3.22.1&#8243; hover_icon=\u00bb%%233%%\u00bb][\/et_pb_image][et_pb_text _builder_version=\u00bb3.22.1&#8243;]<\/p>\n<p>Baginsky, C., Figueroa, V., Gonz\u00e1lez, A., Silva, P. 2014. Efecto de la densidad de plantas y la fertilizaci\u00f3n nitrogenada en Amaranthus cruentus L. bajo condiciones de clima mediterr\u00e1neo.\u00a0<\/p>\n<p>&nbsp;<\/p>\n<p>&nbsp;<\/p>\n<p>[\/et_pb_text][\/et_pb_column][\/et_pb_row][\/et_pb_section]<\/p>\n","protected":false},"excerpt":{"rendered":"<p>[rev_slider alias=\u00bbpublicaciones\u00bb]De Extensi\u00f3nCecilia Baginsky y Paola Silva. 2019. Todo lo que debes saber para producir Amaranto en Chile. Facultad de Ciencias Agron\u00f3micas, Universidad de Chile. 10p.Recetas con Amaranto. Disfruta del amaranto en tu plato (2018). Facultades de Ciencias Agron\u00f3micas, Medicina e Instituto de Nutrici\u00f3n y Tecnolog\u00eda de los Alimentos de la Universidad de Chile. 38p.C\u00e1ceres, [&hellip;]<\/p>\n","protected":false},"author":1,"featured_media":0,"parent":0,"menu_order":0,"comment_status":"closed","ping_status":"closed","template":"","meta":{"_et_pb_use_builder":"on","_et_pb_old_content":"","_et_gb_content_width":"","footnotes":""},"class_list":["post-67","page","type-page","status-publish","hentry"],"yoast_head":"<!-- This site is optimized with the Yoast SEO plugin v27.2 - https:\/\/yoast.com\/product\/yoast-seo-wordpress\/ -->\n<title>Publicaciones - Amaranto<\/title>\n<meta name=\"robots\" content=\"index, follow, max-snippet:-1, max-image-preview:large, max-video-preview:-1\" \/>\n<link rel=\"canonical\" href=\"https:\/\/www.amaranto.uchile.cl\/index.php\/publicaciones\/\" \/>\n<meta property=\"og:locale\" content=\"es_ES\" \/>\n<meta property=\"og:type\" content=\"article\" \/>\n<meta property=\"og:title\" content=\"Publicaciones - Amaranto\" \/>\n<meta property=\"og:description\" content=\"[rev_slider alias=&quot;publicaciones&quot;]De Extensi\u00f3nCecilia Baginsky y Paola Silva. 2019. Todo lo que debes saber para producir Amaranto en Chile. Facultad de Ciencias Agron\u00f3micas, Universidad de Chile. 10p.Recetas con Amaranto. Disfruta del amaranto en tu plato (2018). Facultades de Ciencias Agron\u00f3micas, Medicina e Instituto de Nutrici\u00f3n y Tecnolog\u00eda de los Alimentos de la Universidad de Chile. 38p.C\u00e1ceres, [&hellip;]\" \/>\n<meta property=\"og:url\" content=\"https:\/\/www.amaranto.uchile.cl\/index.php\/publicaciones\/\" \/>\n<meta property=\"og:site_name\" content=\"Amaranto\" \/>\n<meta property=\"article:modified_time\" content=\"2020-08-13T15:05:31+00:00\" \/>\n<meta name=\"twitter:card\" content=\"summary_large_image\" \/>\n<meta name=\"twitter:label1\" content=\"Tiempo de lectura\" \/>\n\t<meta name=\"twitter:data1\" content=\"3 minutos\" \/>\n<script type=\"application\/ld+json\" class=\"yoast-schema-graph\">{\"@context\":\"https:\/\/schema.org\",\"@graph\":[{\"@type\":\"WebPage\",\"@id\":\"https:\/\/www.amaranto.uchile.cl\/index.php\/publicaciones\/\",\"url\":\"https:\/\/www.amaranto.uchile.cl\/index.php\/publicaciones\/\",\"name\":\"Publicaciones - Amaranto\",\"isPartOf\":{\"@id\":\"https:\/\/www.amaranto.uchile.cl\/#website\"},\"datePublished\":\"2019-04-15T20:52:17+00:00\",\"dateModified\":\"2020-08-13T15:05:31+00:00\",\"breadcrumb\":{\"@id\":\"https:\/\/www.amaranto.uchile.cl\/index.php\/publicaciones\/#breadcrumb\"},\"inLanguage\":\"es\",\"potentialAction\":[{\"@type\":\"ReadAction\",\"target\":[\"https:\/\/www.amaranto.uchile.cl\/index.php\/publicaciones\/\"]}]},{\"@type\":\"BreadcrumbList\",\"@id\":\"https:\/\/www.amaranto.uchile.cl\/index.php\/publicaciones\/#breadcrumb\",\"itemListElement\":[{\"@type\":\"ListItem\",\"position\":1,\"name\":\"Home\",\"item\":\"https:\/\/www.amaranto.uchile.cl\/\"},{\"@type\":\"ListItem\",\"position\":2,\"name\":\"Publicaciones\"}]},{\"@type\":\"WebSite\",\"@id\":\"https:\/\/www.amaranto.uchile.cl\/#website\",\"url\":\"https:\/\/www.amaranto.uchile.cl\/\",\"name\":\"Amaranto\",\"description\":\"\",\"potentialAction\":[{\"@type\":\"SearchAction\",\"target\":{\"@type\":\"EntryPoint\",\"urlTemplate\":\"https:\/\/www.amaranto.uchile.cl\/?s={search_term_string}\"},\"query-input\":{\"@type\":\"PropertyValueSpecification\",\"valueRequired\":true,\"valueName\":\"search_term_string\"}}],\"inLanguage\":\"es\"}]}<\/script>\n<!-- \/ Yoast SEO plugin. -->","yoast_head_json":{"title":"Publicaciones - Amaranto","robots":{"index":"index","follow":"follow","max-snippet":"max-snippet:-1","max-image-preview":"max-image-preview:large","max-video-preview":"max-video-preview:-1"},"canonical":"https:\/\/www.amaranto.uchile.cl\/index.php\/publicaciones\/","og_locale":"es_ES","og_type":"article","og_title":"Publicaciones - Amaranto","og_description":"[rev_slider alias=\"publicaciones\"]De Extensi\u00f3nCecilia Baginsky y Paola Silva. 2019. Todo lo que debes saber para producir Amaranto en Chile. Facultad de Ciencias Agron\u00f3micas, Universidad de Chile. 10p.Recetas con Amaranto. Disfruta del amaranto en tu plato (2018). Facultades de Ciencias Agron\u00f3micas, Medicina e Instituto de Nutrici\u00f3n y Tecnolog\u00eda de los Alimentos de la Universidad de Chile. 38p.C\u00e1ceres, [&hellip;]","og_url":"https:\/\/www.amaranto.uchile.cl\/index.php\/publicaciones\/","og_site_name":"Amaranto","article_modified_time":"2020-08-13T15:05:31+00:00","twitter_card":"summary_large_image","twitter_misc":{"Tiempo de lectura":"3 minutos"},"schema":{"@context":"https:\/\/schema.org","@graph":[{"@type":"WebPage","@id":"https:\/\/www.amaranto.uchile.cl\/index.php\/publicaciones\/","url":"https:\/\/www.amaranto.uchile.cl\/index.php\/publicaciones\/","name":"Publicaciones - Amaranto","isPartOf":{"@id":"https:\/\/www.amaranto.uchile.cl\/#website"},"datePublished":"2019-04-15T20:52:17+00:00","dateModified":"2020-08-13T15:05:31+00:00","breadcrumb":{"@id":"https:\/\/www.amaranto.uchile.cl\/index.php\/publicaciones\/#breadcrumb"},"inLanguage":"es","potentialAction":[{"@type":"ReadAction","target":["https:\/\/www.amaranto.uchile.cl\/index.php\/publicaciones\/"]}]},{"@type":"BreadcrumbList","@id":"https:\/\/www.amaranto.uchile.cl\/index.php\/publicaciones\/#breadcrumb","itemListElement":[{"@type":"ListItem","position":1,"name":"Home","item":"https:\/\/www.amaranto.uchile.cl\/"},{"@type":"ListItem","position":2,"name":"Publicaciones"}]},{"@type":"WebSite","@id":"https:\/\/www.amaranto.uchile.cl\/#website","url":"https:\/\/www.amaranto.uchile.cl\/","name":"Amaranto","description":"","potentialAction":[{"@type":"SearchAction","target":{"@type":"EntryPoint","urlTemplate":"https:\/\/www.amaranto.uchile.cl\/?s={search_term_string}"},"query-input":{"@type":"PropertyValueSpecification","valueRequired":true,"valueName":"search_term_string"}}],"inLanguage":"es"}]}},"_links":{"self":[{"href":"https:\/\/www.amaranto.uchile.cl\/index.php\/wp-json\/wp\/v2\/pages\/67","targetHints":{"allow":["GET"]}}],"collection":[{"href":"https:\/\/www.amaranto.uchile.cl\/index.php\/wp-json\/wp\/v2\/pages"}],"about":[{"href":"https:\/\/www.amaranto.uchile.cl\/index.php\/wp-json\/wp\/v2\/types\/page"}],"author":[{"embeddable":true,"href":"https:\/\/www.amaranto.uchile.cl\/index.php\/wp-json\/wp\/v2\/users\/1"}],"replies":[{"embeddable":true,"href":"https:\/\/www.amaranto.uchile.cl\/index.php\/wp-json\/wp\/v2\/comments?post=67"}],"version-history":[{"count":15,"href":"https:\/\/www.amaranto.uchile.cl\/index.php\/wp-json\/wp\/v2\/pages\/67\/revisions"}],"predecessor-version":[{"id":176,"href":"https:\/\/www.amaranto.uchile.cl\/index.php\/wp-json\/wp\/v2\/pages\/67\/revisions\/176"}],"wp:attachment":[{"href":"https:\/\/www.amaranto.uchile.cl\/index.php\/wp-json\/wp\/v2\/media?parent=67"}],"curies":[{"name":"wp","href":"https:\/\/api.w.org\/{rel}","templated":true}]}}