{"id":71,"date":"2019-04-15T17:59:55","date_gmt":"2019-04-15T20:59:55","guid":{"rendered":"http:\/\/www.amaranto.uchile.cl\/?page_id=71"},"modified":"2020-08-13T12:21:47","modified_gmt":"2020-08-13T15:21:47","slug":"actividades","status":"publish","type":"page","link":"https:\/\/www.amaranto.uchile.cl\/index.php\/actividades\/","title":{"rendered":"Actividades"},"content":{"rendered":"<p>[et_pb_section fb_built=\u00bb1&#8243; fullwidth=\u00bbon\u00bb _builder_version=\u00bb3.22.1&#8243;][et_pb_fullwidth_code _builder_version=\u00bb3.22.1&#8243;][rev_slider alias=\u00bbactividades\u00bb][\/et_pb_fullwidth_code][\/et_pb_section][et_pb_section fb_built=\u00bb1&#8243; _builder_version=\u00bb3.22.1&#8243;][et_pb_row custom_padding=\u00bb||0px|||\u00bb _builder_version=\u00bb3.22.1&#8243;][et_pb_column type=\u00bb4_4&#8243; _builder_version=\u00bb3.22.1&#8243;][et_pb_text _builder_version=\u00bb3.22.1&#8243;]<\/p>\n<h1><strong>Cursos, Seminarios y Giras T\u00e9cnicas<\/strong><\/h1>\n<p>[\/et_pb_text][\/et_pb_column][\/et_pb_row][et_pb_row custom_padding=\u00bb||0px|||\u00bb _builder_version=\u00bb3.22.1&#8243;][et_pb_column type=\u00bb1_2&#8243; _builder_version=\u00bb3.22.1&#8243;][et_pb_image src=\u00bbhttp:\/\/www.amaranto.uchile.cl\/wp-content\/uploads\/2020\/08\/formacio\u0301n.jpg\u00bb _builder_version=\u00bb3.22.1&#8243; width=\u00bb30%\u00bb module_alignment=\u00bbcenter\u00bb][\/et_pb_image][et_pb_text _builder_version=\u00bb3.22.1&#8243;]<\/p>\n<h4><strong>Curso Mejoramiento gen\u00e9tico de pseudocereales y sus implicancias socio-culturales<\/strong>.<\/h4>\n<p>Curso de Postgrado que estudia las experiencias en mejoramiento gen\u00e9tico en quinoa y amaranto, se analiza la gran interacci\u00f3n genotipo x ambiente que tienen estos cultivos poseedores de una gran diversidad gen\u00e9tica y un fuerte arraigo cultural en los lugares de Am\u00e9rica desde donde son originarios.<\/p>\n<p>[\/et_pb_text][\/et_pb_column][et_pb_column type=\u00bb1_2&#8243; _builder_version=\u00bb3.22.1&#8243;][et_pb_image src=\u00bbhttp:\/\/www.amaranto.uchile.cl\/wp-content\/uploads\/2020\/08\/formacio\u0301n.jpg\u00bb _builder_version=\u00bb3.22.1&#8243; width=\u00bb30%\u00bb module_alignment=\u00bbcenter\u00bb][\/et_pb_image][et_pb_text _builder_version=\u00bb3.22.1&#8243;]<\/p>\n<h4><strong>Seminario Amaranto: Modelos de procesamiento y perspectivas de uso. <\/strong><\/h4>\n<p>Seminario dirigido a productores,\u00a0 profesionales de la agroindustria, desarrollo agr\u00edcola y consumidores. En este seminario, se abordaron aspectos\u00a0 de agronom\u00eda y nutrici\u00f3n, formas de consumo y procesamiento y valor agregado del amaranto. 29 de mayo, 2018<\/p>\n<p>[\/et_pb_text][\/et_pb_column][\/et_pb_row][\/et_pb_section][et_pb_section fb_built=\u00bb1&#8243; _builder_version=\u00bb3.22.1&#8243; custom_padding=\u00bb0px|||||\u00bb][et_pb_row _builder_version=\u00bb3.22.1&#8243;][et_pb_column type=\u00bb1_2&#8243; _builder_version=\u00bb3.22.1&#8243;][et_pb_image src=\u00bbhttp:\/\/www.amaranto.uchile.cl\/wp-content\/uploads\/2020\/08\/formacio\u0301n.jpg\u00bb _builder_version=\u00bb3.22.1&#8243; width=\u00bb30%\u00bb module_alignment=\u00bbcenter\u00bb][\/et_pb_image][et_pb_text _builder_version=\u00bb3.22.1&#8243;]<\/p>\n<h4><strong>Gira T\u00e9cnica: Adopci\u00f3n de tecnolog\u00eda de producci\u00f3n y procesamiento de Amaranto a partir de la experiencia mexicana<\/strong>.<\/h4>\n<p>Gira realizada con productores del Prodesal de Alhu\u00e9 (8 productores) a la regi\u00f3n productora de amaranto en M\u00e9xico (Tlaxcala, Chapingo,\u00a0 San Miguel del Milagro y Puebla) entre el 11 y 23 de noviembre 2017 a M\u00e9xico. El objetivo fue Conocer aspectos claves en el manejo del amaranto en M\u00e9xico, llevado a cabo por la peque\u00f1a agricultura, y que han permitido potenciar su rendimiento; conocer t\u00e9cnicas b\u00e1sicas de transformaci\u00f3n del grano y de las hojas para su uso en la industria alimentaria y que puedan ser aplicables a la comunidad de Alhu\u00e9 Conocer los elementos culturales y socioecon\u00f3micos que han permitido la colaboraci\u00f3n comunitaria y generaci\u00f3n de microempresas.<\/p>\n<p>[\/et_pb_text][\/et_pb_column][et_pb_column type=\u00bb1_2&#8243; _builder_version=\u00bb3.22.1&#8243;][et_pb_image src=\u00bbhttp:\/\/www.amaranto.uchile.cl\/wp-content\/uploads\/2020\/08\/formacio\u0301n.jpg\u00bb _builder_version=\u00bb3.22.1&#8243; width=\u00bb30%\u00bb module_alignment=\u00bbcenter\u00bb][\/et_pb_image][et_pb_text _builder_version=\u00bb3.22.1&#8243;]<\/p>\n<h4><strong>Seminario: Amaranto: Desde lo ancestral a lo culinario. <\/strong><\/h4>\n<p>Seminario dirigido a profesionales y t\u00e9cnicos del agro, con participaci\u00f3n de investigadores mexicano. En \u00e9l se dieron a conocer aspectos generales de manejo del cultico de amaranto en M\u00e9xico, formas de reventado y sus efectos en la nutrici\u00f3n. 23 de enero, 2017, Santiago, Chile.<\/p>\n<p>[\/et_pb_text][\/et_pb_column][\/et_pb_row][\/et_pb_section]<\/p>\n","protected":false},"excerpt":{"rendered":"<p>[rev_slider alias=\u00bbactividades\u00bb]Cursos, Seminarios y Giras T\u00e9cnicasCurso Mejoramiento gen\u00e9tico de pseudocereales y sus implicancias socio-culturales. Curso de Postgrado que estudia las experiencias en mejoramiento gen\u00e9tico en quinoa y amaranto, se analiza la gran interacci\u00f3n genotipo x ambiente que tienen estos cultivos poseedores de una gran diversidad gen\u00e9tica y un fuerte arraigo cultural en los lugares de [&hellip;]<\/p>\n","protected":false},"author":1,"featured_media":0,"parent":0,"menu_order":0,"comment_status":"closed","ping_status":"closed","template":"","meta":{"_et_pb_use_builder":"on","_et_pb_old_content":"","_et_gb_content_width":"","footnotes":""},"class_list":["post-71","page","type-page","status-publish","hentry"],"yoast_head":"<!-- This site is optimized with the Yoast SEO plugin v27.2 - https:\/\/yoast.com\/product\/yoast-seo-wordpress\/ -->\n<title>Actividades - Amaranto<\/title>\n<meta name=\"robots\" content=\"index, follow, max-snippet:-1, max-image-preview:large, max-video-preview:-1\" \/>\n<link rel=\"canonical\" href=\"https:\/\/www.amaranto.uchile.cl\/index.php\/actividades\/\" \/>\n<meta property=\"og:locale\" content=\"es_ES\" \/>\n<meta property=\"og:type\" content=\"article\" \/>\n<meta property=\"og:title\" content=\"Actividades - Amaranto\" \/>\n<meta property=\"og:description\" content=\"[rev_slider alias=&quot;actividades&quot;]Cursos, Seminarios y Giras T\u00e9cnicasCurso Mejoramiento gen\u00e9tico de pseudocereales y sus implicancias socio-culturales. Curso de Postgrado que estudia las experiencias en mejoramiento gen\u00e9tico en quinoa y amaranto, se analiza la gran interacci\u00f3n genotipo x ambiente que tienen estos cultivos poseedores de una gran diversidad gen\u00e9tica y un fuerte arraigo cultural en los lugares de [&hellip;]\" \/>\n<meta property=\"og:url\" content=\"https:\/\/www.amaranto.uchile.cl\/index.php\/actividades\/\" \/>\n<meta property=\"og:site_name\" content=\"Amaranto\" \/>\n<meta property=\"article:modified_time\" content=\"2020-08-13T15:21:47+00:00\" \/>\n<meta name=\"twitter:card\" content=\"summary_large_image\" \/>\n<meta name=\"twitter:label1\" content=\"Tiempo de lectura\" \/>\n\t<meta name=\"twitter:data1\" content=\"3 minutos\" \/>\n<script type=\"application\/ld+json\" class=\"yoast-schema-graph\">{\"@context\":\"https:\/\/schema.org\",\"@graph\":[{\"@type\":\"WebPage\",\"@id\":\"https:\/\/www.amaranto.uchile.cl\/index.php\/actividades\/\",\"url\":\"https:\/\/www.amaranto.uchile.cl\/index.php\/actividades\/\",\"name\":\"Actividades - Amaranto\",\"isPartOf\":{\"@id\":\"https:\/\/www.amaranto.uchile.cl\/#website\"},\"datePublished\":\"2019-04-15T20:59:55+00:00\",\"dateModified\":\"2020-08-13T15:21:47+00:00\",\"breadcrumb\":{\"@id\":\"https:\/\/www.amaranto.uchile.cl\/index.php\/actividades\/#breadcrumb\"},\"inLanguage\":\"es\",\"potentialAction\":[{\"@type\":\"ReadAction\",\"target\":[\"https:\/\/www.amaranto.uchile.cl\/index.php\/actividades\/\"]}]},{\"@type\":\"BreadcrumbList\",\"@id\":\"https:\/\/www.amaranto.uchile.cl\/index.php\/actividades\/#breadcrumb\",\"itemListElement\":[{\"@type\":\"ListItem\",\"position\":1,\"name\":\"Home\",\"item\":\"https:\/\/www.amaranto.uchile.cl\/\"},{\"@type\":\"ListItem\",\"position\":2,\"name\":\"Actividades\"}]},{\"@type\":\"WebSite\",\"@id\":\"https:\/\/www.amaranto.uchile.cl\/#website\",\"url\":\"https:\/\/www.amaranto.uchile.cl\/\",\"name\":\"Amaranto\",\"description\":\"\",\"potentialAction\":[{\"@type\":\"SearchAction\",\"target\":{\"@type\":\"EntryPoint\",\"urlTemplate\":\"https:\/\/www.amaranto.uchile.cl\/?s={search_term_string}\"},\"query-input\":{\"@type\":\"PropertyValueSpecification\",\"valueRequired\":true,\"valueName\":\"search_term_string\"}}],\"inLanguage\":\"es\"}]}<\/script>\n<!-- \/ Yoast SEO plugin. -->","yoast_head_json":{"title":"Actividades - Amaranto","robots":{"index":"index","follow":"follow","max-snippet":"max-snippet:-1","max-image-preview":"max-image-preview:large","max-video-preview":"max-video-preview:-1"},"canonical":"https:\/\/www.amaranto.uchile.cl\/index.php\/actividades\/","og_locale":"es_ES","og_type":"article","og_title":"Actividades - Amaranto","og_description":"[rev_slider alias=\"actividades\"]Cursos, Seminarios y Giras T\u00e9cnicasCurso Mejoramiento gen\u00e9tico de pseudocereales y sus implicancias socio-culturales. Curso de Postgrado que estudia las experiencias en mejoramiento gen\u00e9tico en quinoa y amaranto, se analiza la gran interacci\u00f3n genotipo x ambiente que tienen estos cultivos poseedores de una gran diversidad gen\u00e9tica y un fuerte arraigo cultural en los lugares de [&hellip;]","og_url":"https:\/\/www.amaranto.uchile.cl\/index.php\/actividades\/","og_site_name":"Amaranto","article_modified_time":"2020-08-13T15:21:47+00:00","twitter_card":"summary_large_image","twitter_misc":{"Tiempo de lectura":"3 minutos"},"schema":{"@context":"https:\/\/schema.org","@graph":[{"@type":"WebPage","@id":"https:\/\/www.amaranto.uchile.cl\/index.php\/actividades\/","url":"https:\/\/www.amaranto.uchile.cl\/index.php\/actividades\/","name":"Actividades - Amaranto","isPartOf":{"@id":"https:\/\/www.amaranto.uchile.cl\/#website"},"datePublished":"2019-04-15T20:59:55+00:00","dateModified":"2020-08-13T15:21:47+00:00","breadcrumb":{"@id":"https:\/\/www.amaranto.uchile.cl\/index.php\/actividades\/#breadcrumb"},"inLanguage":"es","potentialAction":[{"@type":"ReadAction","target":["https:\/\/www.amaranto.uchile.cl\/index.php\/actividades\/"]}]},{"@type":"BreadcrumbList","@id":"https:\/\/www.amaranto.uchile.cl\/index.php\/actividades\/#breadcrumb","itemListElement":[{"@type":"ListItem","position":1,"name":"Home","item":"https:\/\/www.amaranto.uchile.cl\/"},{"@type":"ListItem","position":2,"name":"Actividades"}]},{"@type":"WebSite","@id":"https:\/\/www.amaranto.uchile.cl\/#website","url":"https:\/\/www.amaranto.uchile.cl\/","name":"Amaranto","description":"","potentialAction":[{"@type":"SearchAction","target":{"@type":"EntryPoint","urlTemplate":"https:\/\/www.amaranto.uchile.cl\/?s={search_term_string}"},"query-input":{"@type":"PropertyValueSpecification","valueRequired":true,"valueName":"search_term_string"}}],"inLanguage":"es"}]}},"_links":{"self":[{"href":"https:\/\/www.amaranto.uchile.cl\/index.php\/wp-json\/wp\/v2\/pages\/71","targetHints":{"allow":["GET"]}}],"collection":[{"href":"https:\/\/www.amaranto.uchile.cl\/index.php\/wp-json\/wp\/v2\/pages"}],"about":[{"href":"https:\/\/www.amaranto.uchile.cl\/index.php\/wp-json\/wp\/v2\/types\/page"}],"author":[{"embeddable":true,"href":"https:\/\/www.amaranto.uchile.cl\/index.php\/wp-json\/wp\/v2\/users\/1"}],"replies":[{"embeddable":true,"href":"https:\/\/www.amaranto.uchile.cl\/index.php\/wp-json\/wp\/v2\/comments?post=71"}],"version-history":[{"count":5,"href":"https:\/\/www.amaranto.uchile.cl\/index.php\/wp-json\/wp\/v2\/pages\/71\/revisions"}],"predecessor-version":[{"id":187,"href":"https:\/\/www.amaranto.uchile.cl\/index.php\/wp-json\/wp\/v2\/pages\/71\/revisions\/187"}],"wp:attachment":[{"href":"https:\/\/www.amaranto.uchile.cl\/index.php\/wp-json\/wp\/v2\/media?parent=71"}],"curies":[{"name":"wp","href":"https:\/\/api.w.org\/{rel}","templated":true}]}}